{"id":221,"date":"2018-05-22T17:42:16","date_gmt":"2018-05-22T17:42:16","guid":{"rendered":"https:\/\/chp.ca\/donatefr\/?page_id=221"},"modified":"2018-06-11T14:00:27","modified_gmt":"2018-06-11T14:00:27","slug":"thank-you-for-becoming-a-chp-member","status":"publish","type":"page","link":"https:\/\/chp.ca\/donatefr\/fr\/thank-you-for-becoming-a-chp-member\/","title":{"rendered":"Merci d\u2019avoir choisi de devenir membre du Parti de l\u2019h\u00e9ritage chr\u00e9tien du Canada !"},"content":{"rendered":"<p>[et_pb_section bb_built=\u00a0\u00bb1&Prime;][et_pb_row][et_pb_column type=\u00a0\u00bb4_4&Prime;][et_pb_text _builder_version=\u00a0\u00bb3.2.2&Prime;]<\/p>\n<h2>Merci d\u2019avoir choisi de devenir membre du Parti de l\u2019h\u00e9ritage chr\u00e9tien du Canada ! Vous recevrez sous peu un courriel de confirmation.<\/h2>\n<p>[\/et_pb_text][et_pb_text _builder_version=\u00a0\u00bb3.2.2&Prime;]<\/p>\n<p>&nbsp;<\/p>\n<p><em>Vous pouvez maintenant fermer cette fen\u00eatre\/cet onglet.<\/em><\/p>\n<p>[\/et_pb_text][\/et_pb_column][\/et_pb_row][\/et_pb_section]<\/p>\n","protected":false},"excerpt":{"rendered":"<p><div class=\"et_pb_row et_pb_row_0 et_pb_row_empty\">\n\t\t\t\t\n\t\t\t\t\n\t\t\t\t\n\t\t\t\t\n\t\t\t\t\n\t\t\t<\/div> Merci d\u2019avoir choisi de devenir membre du Parti de l\u2019h\u00e9ritage chr\u00e9tien du Canada ! Vous recevrez sous peu un courriel de confirmation. &nbsp; Vous pouvez maintenant fermer cette fen\u00eatre\/cet onglet.<\/p>\n","protected":false},"author":2,"featured_media":0,"parent":0,"menu_order":0,"comment_status":"closed","ping_status":"closed","template":"","meta":{"_et_pb_use_builder":"on","_et_pb_old_content":"","_et_gb_content_width":"","_links_to":"","_links_to_target":""},"yoast_head":"<!-- This site is optimized with the Yoast SEO plugin v20.3 - https:\/\/yoast.com\/wordpress\/plugins\/seo\/ -->\n<title>Merci d\u2019avoir choisi de devenir membre du Parti de l\u2019h\u00e9ritage chr\u00e9tien du Canada ! - PHC Canada<\/title>\n<meta name=\"robots\" content=\"noindex, follow, max-snippet:-1, max-image-preview:large, max-video-preview:-1\" \/>\n<meta property=\"og:locale\" content=\"fr_FR\" \/>\n<meta property=\"og:type\" content=\"article\" \/>\n<meta property=\"og:title\" content=\"Merci d\u2019avoir choisi de devenir membre du Parti de l\u2019h\u00e9ritage chr\u00e9tien du Canada ! - PHC Canada\" \/>\n<meta property=\"og:description\" content=\"Merci d\u2019avoir choisi de devenir membre du Parti de l\u2019h\u00e9ritage chr\u00e9tien du Canada ! Vous recevrez sous peu un courriel de confirmation. &nbsp; Vous pouvez maintenant fermer cette fen\u00eatre\/cet onglet.\" \/>\n<meta property=\"og:url\" content=\"https:\/\/chp.ca\/donatefr\/fr\/thank-you-for-becoming-a-chp-member\/\" \/>\n<meta property=\"og:site_name\" content=\"PHC Canada\" \/>\n<meta property=\"article:modified_time\" content=\"2018-06-11T14:00:27+00:00\" \/>\n<meta name=\"twitter:card\" content=\"summary_large_image\" \/>\n<script type=\"application\/ld+json\" class=\"yoast-schema-graph\">{\"@context\":\"https:\/\/schema.org\",\"@graph\":[{\"@type\":\"WebPage\",\"@id\":\"https:\/\/chp.ca\/donatefr\/fr\/thank-you-for-becoming-a-chp-member\/\",\"url\":\"https:\/\/chp.ca\/donatefr\/fr\/thank-you-for-becoming-a-chp-member\/\",\"name\":\"Merci d\u2019avoir choisi de devenir membre du Parti de l\u2019h\u00e9ritage chr\u00e9tien du Canada ! - PHC Canada\",\"isPartOf\":{\"@id\":\"https:\/\/chp.ca\/donatefr\/#website\"},\"datePublished\":\"2018-05-22T17:42:16+00:00\",\"dateModified\":\"2018-06-11T14:00:27+00:00\",\"breadcrumb\":{\"@id\":\"https:\/\/chp.ca\/donatefr\/fr\/thank-you-for-becoming-a-chp-member\/#breadcrumb\"},\"inLanguage\":\"fr-FR\",\"potentialAction\":[{\"@type\":\"ReadAction\",\"target\":[\"https:\/\/chp.ca\/donatefr\/fr\/thank-you-for-becoming-a-chp-member\/\"]}]},{\"@type\":\"BreadcrumbList\",\"@id\":\"https:\/\/chp.ca\/donatefr\/fr\/thank-you-for-becoming-a-chp-member\/#breadcrumb\",\"itemListElement\":[{\"@type\":\"ListItem\",\"position\":1,\"name\":\"Home\",\"item\":\"https:\/\/chp.ca\/fr\/\"},{\"@type\":\"ListItem\",\"position\":2,\"name\":\"Merci d\u2019avoir choisi de devenir membre du Parti de l\u2019h\u00e9ritage chr\u00e9tien du Canada !\"}]},{\"@type\":\"WebSite\",\"@id\":\"https:\/\/chp.ca\/donatefr\/#website\",\"url\":\"https:\/\/chp.ca\/donatefr\/\",\"name\":\"PHC Canada\",\"description\":\"\",\"potentialAction\":[{\"@type\":\"SearchAction\",\"target\":{\"@type\":\"EntryPoint\",\"urlTemplate\":\"https:\/\/chp.ca\/donatefr\/?s={search_term_string}\"},\"query-input\":\"required name=search_term_string\"}],\"inLanguage\":\"fr-FR\"}]}<\/script>\n<!-- \/ Yoast SEO plugin. -->","yoast_head_json":{"title":"Merci d\u2019avoir choisi de devenir membre du Parti de l\u2019h\u00e9ritage chr\u00e9tien du Canada ! - PHC Canada","robots":{"index":"noindex","follow":"follow","max-snippet":"max-snippet:-1","max-image-preview":"max-image-preview:large","max-video-preview":"max-video-preview:-1"},"og_locale":"fr_FR","og_type":"article","og_title":"Merci d\u2019avoir choisi de devenir membre du Parti de l\u2019h\u00e9ritage chr\u00e9tien du Canada ! - PHC Canada","og_description":"Merci d\u2019avoir choisi de devenir membre du Parti de l\u2019h\u00e9ritage chr\u00e9tien du Canada ! Vous recevrez sous peu un courriel de confirmation. &nbsp; Vous pouvez maintenant fermer cette fen\u00eatre\/cet onglet.","og_url":"https:\/\/chp.ca\/donatefr\/fr\/thank-you-for-becoming-a-chp-member\/","og_site_name":"PHC Canada","article_modified_time":"2018-06-11T14:00:27+00:00","twitter_card":"summary_large_image","schema":{"@context":"https:\/\/schema.org","@graph":[{"@type":"WebPage","@id":"https:\/\/chp.ca\/donatefr\/fr\/thank-you-for-becoming-a-chp-member\/","url":"https:\/\/chp.ca\/donatefr\/fr\/thank-you-for-becoming-a-chp-member\/","name":"Merci d\u2019avoir choisi de devenir membre du Parti de l\u2019h\u00e9ritage chr\u00e9tien du Canada ! - PHC Canada","isPartOf":{"@id":"https:\/\/chp.ca\/donatefr\/#website"},"datePublished":"2018-05-22T17:42:16+00:00","dateModified":"2018-06-11T14:00:27+00:00","breadcrumb":{"@id":"https:\/\/chp.ca\/donatefr\/fr\/thank-you-for-becoming-a-chp-member\/#breadcrumb"},"inLanguage":"fr-FR","potentialAction":[{"@type":"ReadAction","target":["https:\/\/chp.ca\/donatefr\/fr\/thank-you-for-becoming-a-chp-member\/"]}]},{"@type":"BreadcrumbList","@id":"https:\/\/chp.ca\/donatefr\/fr\/thank-you-for-becoming-a-chp-member\/#breadcrumb","itemListElement":[{"@type":"ListItem","position":1,"name":"Home","item":"https:\/\/chp.ca\/fr\/"},{"@type":"ListItem","position":2,"name":"Merci d\u2019avoir choisi de devenir membre du Parti de l\u2019h\u00e9ritage chr\u00e9tien du Canada !"}]},{"@type":"WebSite","@id":"https:\/\/chp.ca\/donatefr\/#website","url":"https:\/\/chp.ca\/donatefr\/","name":"PHC Canada","description":"","potentialAction":[{"@type":"SearchAction","target":{"@type":"EntryPoint","urlTemplate":"https:\/\/chp.ca\/donatefr\/?s={search_term_string}"},"query-input":"required name=search_term_string"}],"inLanguage":"fr-FR"}]}},"_links":{"self":[{"href":"https:\/\/chp.ca\/donatefr\/fr\/wp-json\/wp\/v2\/pages\/221"}],"collection":[{"href":"https:\/\/chp.ca\/donatefr\/fr\/wp-json\/wp\/v2\/pages"}],"about":[{"href":"https:\/\/chp.ca\/donatefr\/fr\/wp-json\/wp\/v2\/types\/page"}],"author":[{"embeddable":true,"href":"https:\/\/chp.ca\/donatefr\/fr\/wp-json\/wp\/v2\/users\/2"}],"replies":[{"embeddable":true,"href":"https:\/\/chp.ca\/donatefr\/fr\/wp-json\/wp\/v2\/comments?post=221"}],"version-history":[{"count":4,"href":"https:\/\/chp.ca\/donatefr\/fr\/wp-json\/wp\/v2\/pages\/221\/revisions"}],"predecessor-version":[{"id":237,"href":"https:\/\/chp.ca\/donatefr\/fr\/wp-json\/wp\/v2\/pages\/221\/revisions\/237"}],"wp:attachment":[{"href":"https:\/\/chp.ca\/donatefr\/fr\/wp-json\/wp\/v2\/media?parent=221"}],"curies":[{"name":"wp","href":"https:\/\/api.w.org\/{rel}","templated":true}]}}